{"id":2300,"date":"2023-10-04T10:15:45","date_gmt":"2023-10-04T08:15:45","guid":{"rendered":"https:\/\/espacioaloha.com\/?page_id=2300"},"modified":"2023-10-23T20:36:03","modified_gmt":"2023-10-23T18:36:03","slug":"kino-mana-3-4","status":"publish","type":"page","link":"https:\/\/espacioaloha.com\/en\/kino-mana-3-4\/","title":{"rendered":"KINO MANA 3 and 4"},"content":{"rendered":"<div data-elementor-type=\"wp-page\" data-elementor-id=\"2300\" class=\"elementor elementor-2300\" data-elementor-post-type=\"page\">\n\t\t\t\t<div class=\"elementor-element elementor-element-161b6e1a elementor-hidden-tablet elementor-hidden-mobile e-flex e-con-boxed e-con e-parent\" data-id=\"161b6e1a\" data-element_type=\"container\" data-settings=\"{&quot;background_background&quot;:&quot;classic&quot;}\">\n\t\t\t\t\t<div class=\"e-con-inner\">\n\t\t\t\t<div class=\"elementor-element elementor-element-4c39d0e elementor-widget elementor-widget-theme-site-logo elementor-widget-image\" data-id=\"4c39d0e\" data-element_type=\"widget\" data-widget_type=\"theme-site-logo.default\">\n\t\t\t\t<div class=\"elementor-widget-container\">\n\t\t\t<style>\/*! elementor - v3.22.0 - 26-06-2024 *\/\n.elementor-widget-image{text-align:center}.elementor-widget-image a{display:inline-block}.elementor-widget-image a img[src$=\".svg\"]{width:48px}.elementor-widget-image img{vertical-align:middle;display:inline-block}<\/style>\t\t\t\t\t\t<a href=\"https:\/\/espacioaloha.com\/en\">\n\t\t\t<img fetchpriority=\"high\" decoding=\"async\" width=\"293\" height=\"293\" src=\"https:\/\/espacioaloha.com\/wp-content\/uploads\/2023\/07\/Siembolo-liso-1-60x60.png\" class=\"attachment-full size-full wp-image-2459\" alt=\"\" srcset=\"https:\/\/espacioaloha.com\/wp-content\/uploads\/2023\/07\/Siembolo-liso-1.png 293w, https:\/\/espacioaloha.com\/wp-content\/uploads\/2023\/07\/Siembolo-liso-1-150x150.png 150w, https:\/\/espacioaloha.com\/wp-content\/uploads\/2023\/07\/Siembolo-liso-1-12x12.png 12w, https:\/\/espacioaloha.com\/wp-content\/uploads\/2023\/07\/Siembolo-liso-1-60x60.png 60w\" sizes=\"(max-width: 293px) 100vw, 293px\" \/>\t\t\t\t<\/a>\n\t\t\t\t\t\t\t\t\t<\/div>\n\t\t\t\t<\/div>\n\t\t\t\t<div class=\"elementor-element elementor-element-7d618fd8 elementor-nav-menu__align-center elementor-nav-menu__text-align-center elementor-nav-menu--dropdown-tablet elementor-nav-menu--toggle elementor-nav-menu--burger elementor-widget elementor-widget-nav-menu\" data-id=\"7d618fd8\" data-element_type=\"widget\" data-settings=\"{&quot;layout&quot;:&quot;horizontal&quot;,&quot;submenu_icon&quot;:{&quot;value&quot;:&quot;&lt;svg class=\\&quot;e-font-icon-svg e-fas-caret-down\\&quot; viewBox=\\&quot;0 0 320 512\\&quot; xmlns=\\&quot;http:\\\/\\\/www.w3.org\\\/2000\\\/svg\\&quot;&gt;&lt;path d=\\&quot;M31.3 192h257.3c17.8 0 26.7 21.5 14.1 34.1L174.1 354.8c-7.8 7.8-20.5 7.8-28.3 0L17.2 226.1C4.6 213.5 13.5 192 31.3 192z\\&quot;&gt;&lt;\\\/path&gt;&lt;\\\/svg&gt;&quot;,&quot;library&quot;:&quot;fa-solid&quot;},&quot;toggle&quot;:&quot;burger&quot;}\" data-widget_type=\"nav-menu.default\">\n\t\t\t\t<div class=\"elementor-widget-container\">\n\t\t\t<link rel=\"stylesheet\" href=\"https:\/\/espacioaloha.com\/wp-content\/plugins\/pro-elements\/assets\/css\/widget-nav-menu.min.css\">\t\t\t<nav class=\"elementor-nav-menu--main elementor-nav-menu__container elementor-nav-menu--layout-horizontal e--pointer-none\">\n\t\t\t\t<ul id=\"menu-1-7d618fd8\" class=\"elementor-nav-menu\"><li class=\"menu-item menu-item-type-post_type menu-item-object-page menu-item-home menu-item-1580\"><a href=\"https:\/\/espacioaloha.com\/en\/\" class=\"elementor-item menu-link\">HOME<\/a><\/li>\n<li class=\"menu-item menu-item-type-post_type menu-item-object-page menu-item-1773\"><a href=\"https:\/\/espacioaloha.com\/en\/formaciones-lomi-lomi\/\" class=\"elementor-item menu-link\">TRAINING<\/a><\/li>\n<li class=\"menu-item menu-item-type-post_type menu-item-object-page menu-item-1772\"><a href=\"https:\/\/espacioaloha.com\/en\/centro-pontevedra\/\" class=\"elementor-item menu-link\">CENTER<\/a><\/li>\n<li class=\"menu-item menu-item-type-post_type menu-item-object-page menu-item-1771\"><a href=\"https:\/\/espacioaloha.com\/en\/agenda\/\" class=\"elementor-item menu-link\">AGENDA<\/a><\/li>\n<li class=\"menu-item menu-item-type-post_type menu-item-object-page menu-item-1790\"><a href=\"https:\/\/espacioaloha.com\/en\/blog\/\" class=\"elementor-item menu-link\">BLOG<\/a><\/li>\n<li class=\"menu-item menu-item-type-custom menu-item-object-custom menu-item-1852\"><a href=\"https:\/\/espacioaloha.com\/en\/#contacto\" class=\"elementor-item elementor-item-anchor menu-link\">CONTACTO<\/a><\/li>\n<\/ul>\t\t\t<\/nav>\n\t\t\t\t\t<div class=\"elementor-menu-toggle\" role=\"button\" tabindex=\"0\" aria-label=\"Menu Toggle\" aria-expanded=\"false\">\n\t\t\t<svg aria-hidden=\"true\" role=\"presentation\" class=\"elementor-menu-toggle__icon--open e-font-icon-svg e-eicon-menu-bar\" viewbox=\"0 0 1000 1000\" xmlns=\"http:\/\/www.w3.org\/2000\/svg\"><path d=\"M104 333H896C929 333 958 304 958 271S929 208 896 208H104C71 208 42 237 42 271S71 333 104 333ZM104 583H896C929 583 958 554 958 521S929 458 896 458H104C71 458 42 487 42 521S71 583 104 583ZM104 833H896C929 833 958 804 958 771S929 708 896 708H104C71 708 42 737 42 771S71 833 104 833Z\"><\/path><\/svg><svg aria-hidden=\"true\" role=\"presentation\" class=\"elementor-menu-toggle__icon--close e-font-icon-svg e-eicon-close\" viewbox=\"0 0 1000 1000\" xmlns=\"http:\/\/www.w3.org\/2000\/svg\"><path d=\"M742 167L500 408 258 167C246 154 233 150 217 150 196 150 179 158 167 167 154 179 150 196 150 212 150 229 154 242 171 254L408 500 167 742C138 771 138 800 167 829 196 858 225 858 254 829L496 587 738 829C750 842 767 846 783 846 800 846 817 842 829 829 842 817 846 804 846 783 846 767 842 750 829 737L588 500 833 258C863 229 863 200 833 171 804 137 775 137 742 167Z\"><\/path><\/svg>\t\t\t<span class=\"elementor-screen-only\">Menu<\/span>\n\t\t<\/div>\n\t\t\t\t\t<nav class=\"elementor-nav-menu--dropdown elementor-nav-menu__container\" aria-hidden=\"true\">\n\t\t\t\t<ul id=\"menu-2-7d618fd8\" class=\"elementor-nav-menu\"><li class=\"menu-item menu-item-type-post_type menu-item-object-page menu-item-home menu-item-1580\"><a href=\"https:\/\/espacioaloha.com\/en\/\" class=\"elementor-item menu-link\" tabindex=\"-1\">HOME<\/a><\/li>\n<li class=\"menu-item menu-item-type-post_type menu-item-object-page menu-item-1773\"><a href=\"https:\/\/espacioaloha.com\/en\/formaciones-lomi-lomi\/\" class=\"elementor-item menu-link\" tabindex=\"-1\">TRAINING<\/a><\/li>\n<li class=\"menu-item menu-item-type-post_type menu-item-object-page menu-item-1772\"><a href=\"https:\/\/espacioaloha.com\/en\/centro-pontevedra\/\" class=\"elementor-item menu-link\" tabindex=\"-1\">CENTER<\/a><\/li>\n<li class=\"menu-item menu-item-type-post_type menu-item-object-page menu-item-1771\"><a href=\"https:\/\/espacioaloha.com\/en\/agenda\/\" class=\"elementor-item menu-link\" tabindex=\"-1\">AGENDA<\/a><\/li>\n<li class=\"menu-item menu-item-type-post_type menu-item-object-page menu-item-1790\"><a href=\"https:\/\/espacioaloha.com\/en\/blog\/\" class=\"elementor-item menu-link\" tabindex=\"-1\">BLOG<\/a><\/li>\n<li class=\"menu-item menu-item-type-custom menu-item-object-custom menu-item-1852\"><a href=\"https:\/\/espacioaloha.com\/en\/#contacto\" class=\"elementor-item elementor-item-anchor menu-link\" tabindex=\"-1\">CONTACTO<\/a><\/li>\n<\/ul>\t\t\t<\/nav>\n\t\t\t\t<\/div>\n\t\t\t\t<\/div>\n\t\t\t\t\t<\/div>\n\t\t\t\t<\/div>\n\t\t\t\t<section class=\"elementor-section elementor-top-section elementor-element elementor-element-a3bf410 elementor-section-height-min-height elementor-section-full_width elementor-section-content-middle elementor-section-height-default elementor-section-items-middle\" data-id=\"a3bf410\" data-element_type=\"section\" data-settings=\"{&quot;background_background&quot;:&quot;classic&quot;}\">\n\t\t\t\t\t\t\t<div class=\"elementor-background-overlay\"><\/div>\n\t\t\t\t\t\t\t<div class=\"elementor-container elementor-column-gap-default\">\n\t\t\t\t\t<div class=\"elementor-column elementor-col-100 elementor-top-column elementor-element elementor-element-1a43ef9\" data-id=\"1a43ef9\" data-element_type=\"column\">\n\t\t\t<div class=\"elementor-widget-wrap elementor-element-populated\">\n\t\t\t\t\t\t<div class=\"elementor-element elementor-element-3e38ddc7 elementor-widget elementor-widget-heading\" data-id=\"3e38ddc7\" data-element_type=\"widget\" data-widget_type=\"heading.default\">\n\t\t\t\t<div class=\"elementor-widget-container\">\n\t\t\t<style>\/*! elementor - v3.22.0 - 26-06-2024 *\/\n.elementor-heading-title{padding:0;margin:0;line-height:1}.elementor-widget-heading .elementor-heading-title[class*=elementor-size-]>a{color:inherit;font-size:inherit;line-height:inherit}.elementor-widget-heading .elementor-heading-title.elementor-size-small{font-size:15px}.elementor-widget-heading .elementor-heading-title.elementor-size-medium{font-size:19px}.elementor-widget-heading .elementor-heading-title.elementor-size-large{font-size:29px}.elementor-widget-heading .elementor-heading-title.elementor-size-xl{font-size:39px}.elementor-widget-heading .elementor-heading-title.elementor-size-xxl{font-size:59px}<\/style><h1 class=\"elementor-heading-title elementor-size-default\">TRAINING<\/h1>\t\t<\/div>\n\t\t\t\t<\/div>\n\t\t\t\t<div class=\"elementor-element elementor-element-ccfe11d elementor-widget elementor-widget-text-editor\" data-id=\"ccfe11d\" data-element_type=\"widget\" data-widget_type=\"text-editor.default\">\n\t\t\t\t<div class=\"elementor-widget-container\">\n\t\t\t<style>\/*! elementor - v3.22.0 - 26-06-2024 *\/\n.elementor-widget-text-editor.elementor-drop-cap-view-stacked .elementor-drop-cap{background-color:#69727d;color:#fff}.elementor-widget-text-editor.elementor-drop-cap-view-framed .elementor-drop-cap{color:#69727d;border:3px solid;background-color:transparent}.elementor-widget-text-editor:not(.elementor-drop-cap-view-default) .elementor-drop-cap{margin-top:8px}.elementor-widget-text-editor:not(.elementor-drop-cap-view-default) .elementor-drop-cap-letter{width:1em;height:1em}.elementor-widget-text-editor .elementor-drop-cap{float:left;text-align:center;line-height:1;font-size:50px}.elementor-widget-text-editor .elementor-drop-cap-letter{display:inline-block}<\/style>\t\t\t\t<p>&#034;The Lomi Lomi is an embrace of the soul through the art of massage.&#034;<\/p>\t\t\t\t\t\t<\/div>\n\t\t\t\t<\/div>\n\t\t\t\t\t<\/div>\n\t\t<\/div>\n\t\t\t\t\t<\/div>\n\t\t<\/section>\n\t\t<div class=\"elementor-element elementor-element-9403d8a e-flex e-con-boxed e-con e-parent\" data-id=\"9403d8a\" data-element_type=\"container\" data-settings=\"{&quot;background_background&quot;:&quot;classic&quot;}\">\n\t\t\t\t\t<div class=\"e-con-inner\">\n\t\t<div class=\"elementor-element elementor-element-32f7bfb e-flex e-con-boxed e-con e-child\" data-id=\"32f7bfb\" data-element_type=\"container\" data-settings=\"{&quot;background_background&quot;:&quot;classic&quot;}\">\n\t\t\t\t\t<div class=\"e-con-inner\">\n\t\t\t\t<div class=\"elementor-element elementor-element-15e9a8c elementor-widget elementor-widget-heading\" data-id=\"15e9a8c\" data-element_type=\"widget\" data-widget_type=\"heading.default\">\n\t\t\t\t<div class=\"elementor-widget-container\">\n\t\t\t<h3 class=\"elementor-heading-title elementor-size-default\">KINO MANA 3 and 4<\/h3>\t\t<\/div>\n\t\t\t\t<\/div>\n\t\t\t\t<div class=\"elementor-element elementor-element-a4c517d elementor-widget elementor-widget-image\" data-id=\"a4c517d\" data-element_type=\"widget\" data-widget_type=\"image.default\">\n\t\t\t\t<div class=\"elementor-widget-container\">\n\t\t\t\t\t\t\t\t\t\t\t\t\t<img decoding=\"async\" width=\"1024\" height=\"718\" src=\"https:\/\/espacioaloha.com\/wp-content\/uploads\/2023\/10\/5-e1698085522380-1024x718.png\" class=\"attachment-large size-large wp-image-2618\" alt=\"\" srcset=\"https:\/\/espacioaloha.com\/wp-content\/uploads\/2023\/10\/5-e1698085522380-1024x718.png 1024w, https:\/\/espacioaloha.com\/wp-content\/uploads\/2023\/10\/5-e1698085522380-300x210.png 300w, https:\/\/espacioaloha.com\/wp-content\/uploads\/2023\/10\/5-e1698085522380-768x539.png 768w, https:\/\/espacioaloha.com\/wp-content\/uploads\/2023\/10\/5-e1698085522380-1536x1077.png 1536w, https:\/\/espacioaloha.com\/wp-content\/uploads\/2023\/10\/5-e1698085522380-2048x1436.png 2048w, https:\/\/espacioaloha.com\/wp-content\/uploads\/2023\/10\/5-e1698085522380-18x12.png 18w\" sizes=\"(max-width: 1024px) 100vw, 1024px\" \/>\t\t\t\t\t\t\t\t\t\t\t\t\t<\/div>\n\t\t\t\t<\/div>\n\t\t\t\t<div class=\"elementor-element elementor-element-141b40b elementor-widget elementor-widget-heading\" data-id=\"141b40b\" data-element_type=\"widget\" data-widget_type=\"heading.default\">\n\t\t\t\t<div class=\"elementor-widget-container\">\n\t\t\t<h3 class=\"elementor-heading-title elementor-size-default\">Descripci\u00f3n<\/h3>\t\t<\/div>\n\t\t\t\t<\/div>\n\t\t\t\t<div class=\"elementor-element elementor-element-2a1ecd2 elementor-widget elementor-widget-text-editor\" data-id=\"2a1ecd2\" data-element_type=\"widget\" data-widget_type=\"text-editor.default\">\n\t\t\t\t<div class=\"elementor-widget-container\">\n\t\t\t\t\t\t\t<p>Tendremos el privilegio de formarnos directamente con la maestra Susan Pa\u00b4iniu Floyd, alumna y disc\u00edpula directa del Kahuna Abraham Kawaii, creador del Masaje Hawaiano Lomi Lomi Nui. Viene desde Hawaii a Espa\u00f1a para compartir sus conocimientos con tod@s nosotr@s! Es una formaci\u00f3n avanzada donde Susan Pa\u00b4iniu nos guiar\u00e1 durante casi 5 d\u00edas en un viaje de transformaci\u00f3n, profundizando en las t\u00e9cnicas y sabidur\u00edas ancestrales.<\/p>\t\t\t\t\t\t<\/div>\n\t\t\t\t<\/div>\n\t\t\t\t<div class=\"elementor-element elementor-element-696e2b0 elementor-widget elementor-widget-heading\" data-id=\"696e2b0\" data-element_type=\"widget\" data-widget_type=\"heading.default\">\n\t\t\t\t<div class=\"elementor-widget-container\">\n\t\t\t<h3 class=\"elementor-heading-title elementor-size-default\">Que vas a aprender<\/h3>\t\t<\/div>\n\t\t\t\t<\/div>\n\t\t<div class=\"elementor-element elementor-element-ee37ab6 e-grid e-con-boxed e-con e-child\" data-id=\"ee37ab6\" data-element_type=\"container\">\n\t\t\t\t\t<div class=\"e-con-inner\">\n\t\t\t\t<div class=\"elementor-element elementor-element-008bca2 elementor-icon-list--layout-traditional elementor-list-item-link-full_width elementor-widget elementor-widget-icon-list\" data-id=\"008bca2\" data-element_type=\"widget\" data-widget_type=\"icon-list.default\">\n\t\t\t\t<div class=\"elementor-widget-container\">\n\t\t\t<link rel=\"stylesheet\" href=\"https:\/\/espacioaloha.com\/wp-content\/plugins\/elementor\/assets\/css\/widget-icon-list.min.css\">\t\t<ul class=\"elementor-icon-list-items\">\n\t\t\t\t\t\t\t<li class=\"elementor-icon-list-item\">\n\t\t\t\t\t\t\t\t\t\t\t<span class=\"elementor-icon-list-icon\">\n\t\t\t\t\t\t\t<svg aria-hidden=\"true\" class=\"e-font-icon-svg e-fas-check\" viewbox=\"0 0 512 512\" xmlns=\"http:\/\/www.w3.org\/2000\/svg\"><path d=\"M173.898 439.404l-166.4-166.4c-9.997-9.997-9.997-26.206 0-36.204l36.203-36.204c9.997-9.998 26.207-9.998 36.204 0L192 312.69 432.095 72.596c9.997-9.997 26.207-9.997 36.204 0l36.203 36.204c9.997 9.997 9.997 26.206 0 36.204l-294.4 294.401c-9.998 9.997-26.207 9.997-36.204-.001z\"><\/path><\/svg>\t\t\t\t\t\t<\/span>\n\t\t\t\t\t\t\t\t\t\t<span class=\"elementor-icon-list-text\">Filosof\u00eda Huna y Esp\u00edritu Aloha<\/span>\n\t\t\t\t\t\t\t\t\t<\/li>\n\t\t\t\t\t\t\t\t<li class=\"elementor-icon-list-item\">\n\t\t\t\t\t\t\t\t\t\t\t<span class=\"elementor-icon-list-icon\">\n\t\t\t\t\t\t\t<svg aria-hidden=\"true\" class=\"e-font-icon-svg e-fas-check\" viewbox=\"0 0 512 512\" xmlns=\"http:\/\/www.w3.org\/2000\/svg\"><path d=\"M173.898 439.404l-166.4-166.4c-9.997-9.997-9.997-26.206 0-36.204l36.203-36.204c9.997-9.998 26.207-9.998 36.204 0L192 312.69 432.095 72.596c9.997-9.997 26.207-9.997 36.204 0l36.203 36.204c9.997 9.997 9.997 26.206 0 36.204l-294.4 294.401c-9.998 9.997-26.207 9.997-36.204-.001z\"><\/path><\/svg>\t\t\t\t\t\t<\/span>\n\t\t\t\t\t\t\t\t\t\t<span class=\"elementor-icon-list-text\">Danza Hula, c\u00e1nticos, rezos y t\u00e9cnicas de respiraci\u00f3n<\/span>\n\t\t\t\t\t\t\t\t\t<\/li>\n\t\t\t\t\t\t\t\t<li class=\"elementor-icon-list-item\">\n\t\t\t\t\t\t\t\t\t\t\t<span class=\"elementor-icon-list-icon\">\n\t\t\t\t\t\t\t<svg aria-hidden=\"true\" class=\"e-font-icon-svg e-fas-check\" viewbox=\"0 0 512 512\" xmlns=\"http:\/\/www.w3.org\/2000\/svg\"><path d=\"M173.898 439.404l-166.4-166.4c-9.997-9.997-9.997-26.206 0-36.204l36.203-36.204c9.997-9.998 26.207-9.998 36.204 0L192 312.69 432.095 72.596c9.997-9.997 26.207-9.997 36.204 0l36.203 36.204c9.997 9.997 9.997 26.206 0 36.204l-294.4 294.401c-9.998 9.997-26.207 9.997-36.204-.001z\"><\/path><\/svg>\t\t\t\t\t\t<\/span>\n\t\t\t\t\t\t\t\t\t\t<span class=\"elementor-icon-list-text\">Clases pr\u00e1cticas de masaje Lomi Lomi Nui<\/span>\n\t\t\t\t\t\t\t\t\t<\/li>\n\t\t\t\t\t\t<\/ul>\n\t\t\t\t<\/div>\n\t\t\t\t<\/div>\n\t\t\t\t<div class=\"elementor-element elementor-element-8df8123 elementor-widget elementor-widget-image\" data-id=\"8df8123\" data-element_type=\"widget\" data-widget_type=\"image.default\">\n\t\t\t\t<div class=\"elementor-widget-container\">\n\t\t\t\t\t\t\t\t\t\t\t\t\t<img decoding=\"async\" width=\"1135\" height=\"757\" src=\"https:\/\/espacioaloha.com\/wp-content\/uploads\/2023\/09\/df235815-d54f-4b25-89c8-64500dab9c1d.jpeg\" class=\"attachment-full size-full wp-image-1552\" alt=\"Eva Naveira Masaje LomiLomi\" srcset=\"https:\/\/espacioaloha.com\/wp-content\/uploads\/2023\/09\/df235815-d54f-4b25-89c8-64500dab9c1d.jpeg 1135w, https:\/\/espacioaloha.com\/wp-content\/uploads\/2023\/09\/df235815-d54f-4b25-89c8-64500dab9c1d-300x200.jpeg 300w, https:\/\/espacioaloha.com\/wp-content\/uploads\/2023\/09\/df235815-d54f-4b25-89c8-64500dab9c1d-1024x683.jpeg 1024w, https:\/\/espacioaloha.com\/wp-content\/uploads\/2023\/09\/df235815-d54f-4b25-89c8-64500dab9c1d-768x512.jpeg 768w, https:\/\/espacioaloha.com\/wp-content\/uploads\/2023\/09\/df235815-d54f-4b25-89c8-64500dab9c1d-18x12.jpeg 18w\" sizes=\"(max-width: 1135px) 100vw, 1135px\" \/>\t\t\t\t\t\t\t\t\t\t\t\t\t<\/div>\n\t\t\t\t<\/div>\n\t\t\t\t<div class=\"elementor-element elementor-element-07d7f38 elementor-widget elementor-widget-image\" data-id=\"07d7f38\" data-element_type=\"widget\" data-widget_type=\"image.default\">\n\t\t\t\t<div class=\"elementor-widget-container\">\n\t\t\t\t\t\t\t\t\t\t\t\t\t<img loading=\"lazy\" decoding=\"async\" width=\"2560\" height=\"1707\" src=\"https:\/\/espacioaloha.com\/wp-content\/uploads\/2023\/09\/ALMU5951-scaled.jpg\" class=\"attachment-full size-full wp-image-1989\" alt=\"Formaci\u00f3n Masaje Hawaiano Lomi Lomi Nui\" srcset=\"https:\/\/espacioaloha.com\/wp-content\/uploads\/2023\/09\/ALMU5951-scaled.jpg 2560w, https:\/\/espacioaloha.com\/wp-content\/uploads\/2023\/09\/ALMU5951-300x200.jpg 300w, https:\/\/espacioaloha.com\/wp-content\/uploads\/2023\/09\/ALMU5951-1024x683.jpg 1024w, https:\/\/espacioaloha.com\/wp-content\/uploads\/2023\/09\/ALMU5951-768x512.jpg 768w, https:\/\/espacioaloha.com\/wp-content\/uploads\/2023\/09\/ALMU5951-1536x1024.jpg 1536w, https:\/\/espacioaloha.com\/wp-content\/uploads\/2023\/09\/ALMU5951-2048x1365.jpg 2048w, https:\/\/espacioaloha.com\/wp-content\/uploads\/2023\/09\/ALMU5951-18x12.jpg 18w\" sizes=\"(max-width: 2560px) 100vw, 2560px\" \/>\t\t\t\t\t\t\t\t\t\t\t\t\t<\/div>\n\t\t\t\t<\/div>\n\t\t\t\t\t<\/div>\n\t\t\t\t<\/div>\n\t\t<div class=\"elementor-element elementor-element-40f05f0 e-flex e-con-boxed e-con e-child\" data-id=\"40f05f0\" data-element_type=\"container\">\n\t\t\t\t\t<div class=\"e-con-inner\">\n\t\t\t\t<div class=\"elementor-element elementor-element-312b295 elementor-widget elementor-widget-heading\" data-id=\"312b295\" data-element_type=\"widget\" data-widget_type=\"heading.default\">\n\t\t\t\t<div class=\"elementor-widget-container\">\n\t\t\t<h3 class=\"elementor-heading-title elementor-size-default\">Formaci\u00f3n<\/h3>\t\t<\/div>\n\t\t\t\t<\/div>\n\t\t\t\t<div class=\"elementor-element elementor-element-cd2d158 elementor-widget elementor-widget-text-editor\" data-id=\"cd2d158\" data-element_type=\"widget\" data-widget_type=\"text-editor.default\">\n\t\t\t\t<div class=\"elementor-widget-container\">\n\t\t\t\t\t\t\t<p>Estos 2 niveles de formaci\u00f3n se realizan en Espa\u00f1a de forma intensiva y residencial con la maestra Susan Pa\u00b4iniu. Al finalizar Kino Mana 3 se te entrega la certificaci\u00f3n de \u00abpractitioner\u00bb por Aloha International. Kino Mana 4 es una preparaci\u00f3n para l@s que quieran llegar hasta la maestr\u00eda.<\/p>\t\t\t\t\t\t<\/div>\n\t\t\t\t<\/div>\n\t\t\t\t<div class=\"elementor-element elementor-element-9743278 elementor-button-info elementor-widget__width-inherit elementor-widget elementor-widget-button\" data-id=\"9743278\" data-element_type=\"widget\" data-widget_type=\"button.default\">\n\t\t\t\t<div class=\"elementor-widget-container\">\n\t\t\t\t\t<div class=\"elementor-button-wrapper\">\n\t\t\t<a class=\"elementor-button elementor-button-link elementor-size-md\" href=\"#elementor-action:action=popup:open&settings=eyJpZCI6IjIyNTkiLCJ0b2dnbGUiOmZhbHNlfQ==\">\n\t\t\t\t\t\t<span class=\"elementor-button-content-wrapper\">\n\t\t\t\t\t\t\t\t\t<span class=\"elementor-button-text\">Solicitar informaci\u00f3n<\/span>\n\t\t\t\t\t<\/span>\n\t\t\t\t\t<\/a>\n\t\t<\/div>\n\t\t\t\t<\/div>\n\t\t\t\t<\/div>\n\t\t<div class=\"elementor-element elementor-element-64a86e4 e-flex e-con-boxed e-con e-child\" data-id=\"64a86e4\" data-element_type=\"container\" data-settings=\"{&quot;background_background&quot;:&quot;classic&quot;}\">\n\t\t\t\t\t<div class=\"e-con-inner\">\n\t\t\t\t\t<\/div>\n\t\t\t\t<\/div>\n\t\t\t\t\t<\/div>\n\t\t\t\t<\/div>\n\t\t\t\t\t<\/div>\n\t\t\t\t<\/div>\n\t\t\t\t\t<\/div>\n\t\t\t\t<\/div>\n\t\t\t\t<\/div>","protected":false},"excerpt":{"rendered":"<p>FORMACIONES \u00abEl Lomi Lomi es un abrazo del alma a trav\u00e9s del arte del masaje.\u00bb KINO MANA 3 y 4 Descripci\u00f3n Tendremos el privilegio de formarnos directamente con la maestra Susan Pa\u00b4iniu Floyd, alumna y disc\u00edpula directa del Kahuna Abraham Kawaii, creador del Masaje Hawaiano Lomi Lomi Nui. Viene desde Hawaii a Espa\u00f1a para compartir &hellip;<\/p>\n<p class=\"read-more\"> <a class=\"\" href=\"https:\/\/espacioaloha.com\/en\/kino-mana-3-4\/\"> <span class=\"screen-reader-text\">KINO MANA 3 and 4<\/span> Read More &raquo;<\/a><\/p>","protected":false},"author":2,"featured_media":0,"parent":0,"menu_order":0,"comment_status":"closed","ping_status":"closed","template":"","meta":{"site-sidebar-layout":"no-sidebar","site-content-layout":"","ast-site-content-layout":"full-width-container","site-content-style":"default","site-sidebar-style":"default","ast-global-header-display":"","ast-banner-title-visibility":"","ast-main-header-display":"","ast-hfb-above-header-display":"","ast-hfb-below-header-display":"","ast-hfb-mobile-header-display":"","site-post-title":"disabled","ast-breadcrumbs-content":"","ast-featured-img":"disabled","footer-sml-layout":"","theme-transparent-header-meta":"","adv-header-id-meta":"","stick-header-meta":"","header-above-stick-meta":"","header-main-stick-meta":"","header-below-stick-meta":"","astra-migrate-meta-layouts":"","footnotes":""},"_links":{"self":[{"href":"https:\/\/espacioaloha.com\/en\/wp-json\/wp\/v2\/pages\/2300"}],"collection":[{"href":"https:\/\/espacioaloha.com\/en\/wp-json\/wp\/v2\/pages"}],"about":[{"href":"https:\/\/espacioaloha.com\/en\/wp-json\/wp\/v2\/types\/page"}],"author":[{"embeddable":true,"href":"https:\/\/espacioaloha.com\/en\/wp-json\/wp\/v2\/users\/2"}],"replies":[{"embeddable":true,"href":"https:\/\/espacioaloha.com\/en\/wp-json\/wp\/v2\/comments?post=2300"}],"version-history":[{"count":10,"href":"https:\/\/espacioaloha.com\/en\/wp-json\/wp\/v2\/pages\/2300\/revisions"}],"predecessor-version":[{"id":2632,"href":"https:\/\/espacioaloha.com\/en\/wp-json\/wp\/v2\/pages\/2300\/revisions\/2632"}],"wp:attachment":[{"href":"https:\/\/espacioaloha.com\/en\/wp-json\/wp\/v2\/media?parent=2300"}],"curies":[{"name":"wp","href":"https:\/\/api.w.org\/{rel}","templated":true}]}}