{"id":2036,"date":"2023-09-26T10:31:28","date_gmt":"2023-09-26T08:31:28","guid":{"rendered":"https:\/\/espacioaloha.com\/?page_id=2036"},"modified":"2023-09-26T10:32:32","modified_gmt":"2023-09-26T08:32:32","slug":"aviso-legal-2","status":"publish","type":"page","link":"https:\/\/espacioaloha.com\/en\/aviso-legal-2\/","title":{"rendered":"Aviso Legal"},"content":{"rendered":"<div data-elementor-type=\"wp-page\" data-elementor-id=\"2036\" class=\"elementor elementor-2036\" data-elementor-post-type=\"page\">\n\t\t\t\t<div class=\"elementor-element elementor-element-11523ec6 elementor-hidden-tablet elementor-hidden-mobile e-flex e-con-boxed e-con e-parent\" data-id=\"11523ec6\" data-element_type=\"container\" data-settings=\"{&quot;background_background&quot;:&quot;classic&quot;}\">\n\t\t\t\t\t<div class=\"e-con-inner\">\n\t\t\t\t<div class=\"elementor-element elementor-element-48ab4487 elementor-widget elementor-widget-theme-site-logo elementor-widget-image\" data-id=\"48ab4487\" data-element_type=\"widget\" data-widget_type=\"theme-site-logo.default\">\n\t\t\t\t<div class=\"elementor-widget-container\">\n\t\t\t<style>\/*! elementor - v3.22.0 - 26-06-2024 *\/\n.elementor-widget-image{text-align:center}.elementor-widget-image a{display:inline-block}.elementor-widget-image a img[src$=\".svg\"]{width:48px}.elementor-widget-image img{vertical-align:middle;display:inline-block}<\/style>\t\t\t\t\t\t<a href=\"https:\/\/espacioaloha.com\/en\">\n\t\t\t<img fetchpriority=\"high\" decoding=\"async\" width=\"293\" height=\"293\" src=\"https:\/\/espacioaloha.com\/wp-content\/uploads\/2023\/07\/Siembolo-liso-1-60x60.png\" class=\"attachment-full size-full wp-image-2459\" alt=\"\" srcset=\"https:\/\/espacioaloha.com\/wp-content\/uploads\/2023\/07\/Siembolo-liso-1.png 293w, https:\/\/espacioaloha.com\/wp-content\/uploads\/2023\/07\/Siembolo-liso-1-150x150.png 150w, https:\/\/espacioaloha.com\/wp-content\/uploads\/2023\/07\/Siembolo-liso-1-12x12.png 12w, https:\/\/espacioaloha.com\/wp-content\/uploads\/2023\/07\/Siembolo-liso-1-60x60.png 60w\" sizes=\"(max-width: 293px) 100vw, 293px\" \/>\t\t\t\t<\/a>\n\t\t\t\t\t\t\t\t\t<\/div>\n\t\t\t\t<\/div>\n\t\t\t\t<div class=\"elementor-element elementor-element-42246622 elementor-nav-menu__align-center elementor-nav-menu__text-align-center elementor-nav-menu--dropdown-tablet elementor-nav-menu--toggle elementor-nav-menu--burger elementor-widget elementor-widget-nav-menu\" data-id=\"42246622\" data-element_type=\"widget\" data-settings=\"{&quot;layout&quot;:&quot;horizontal&quot;,&quot;submenu_icon&quot;:{&quot;value&quot;:&quot;&lt;svg class=\\&quot;e-font-icon-svg e-fas-caret-down\\&quot; viewBox=\\&quot;0 0 320 512\\&quot; xmlns=\\&quot;http:\\\/\\\/www.w3.org\\\/2000\\\/svg\\&quot;&gt;&lt;path d=\\&quot;M31.3 192h257.3c17.8 0 26.7 21.5 14.1 34.1L174.1 354.8c-7.8 7.8-20.5 7.8-28.3 0L17.2 226.1C4.6 213.5 13.5 192 31.3 192z\\&quot;&gt;&lt;\\\/path&gt;&lt;\\\/svg&gt;&quot;,&quot;library&quot;:&quot;fa-solid&quot;},&quot;toggle&quot;:&quot;burger&quot;}\" data-widget_type=\"nav-menu.default\">\n\t\t\t\t<div class=\"elementor-widget-container\">\n\t\t\t<link rel=\"stylesheet\" href=\"https:\/\/espacioaloha.com\/wp-content\/plugins\/pro-elements\/assets\/css\/widget-nav-menu.min.css\">\t\t\t<nav class=\"elementor-nav-menu--main elementor-nav-menu__container elementor-nav-menu--layout-horizontal e--pointer-none\">\n\t\t\t\t<ul id=\"menu-1-42246622\" class=\"elementor-nav-menu\"><li class=\"menu-item menu-item-type-post_type menu-item-object-page menu-item-home menu-item-1580\"><a href=\"https:\/\/espacioaloha.com\/en\/\" class=\"elementor-item menu-link\">HOME<\/a><\/li>\n<li class=\"menu-item menu-item-type-post_type menu-item-object-page menu-item-1773\"><a href=\"https:\/\/espacioaloha.com\/en\/formaciones-lomi-lomi\/\" class=\"elementor-item menu-link\">TRAINING<\/a><\/li>\n<li class=\"menu-item menu-item-type-post_type menu-item-object-page menu-item-1772\"><a href=\"https:\/\/espacioaloha.com\/en\/centro-pontevedra\/\" class=\"elementor-item menu-link\">CENTER<\/a><\/li>\n<li class=\"menu-item menu-item-type-post_type menu-item-object-page menu-item-1771\"><a href=\"https:\/\/espacioaloha.com\/en\/agenda\/\" class=\"elementor-item menu-link\">AGENDA<\/a><\/li>\n<li class=\"menu-item menu-item-type-post_type menu-item-object-page menu-item-1790\"><a href=\"https:\/\/espacioaloha.com\/en\/blog\/\" class=\"elementor-item menu-link\">BLOG<\/a><\/li>\n<li class=\"menu-item menu-item-type-custom menu-item-object-custom menu-item-1852\"><a href=\"https:\/\/espacioaloha.com\/en\/#contacto\" class=\"elementor-item elementor-item-anchor menu-link\">CONTACTO<\/a><\/li>\n<\/ul>\t\t\t<\/nav>\n\t\t\t\t\t<div class=\"elementor-menu-toggle\" role=\"button\" tabindex=\"0\" aria-label=\"Menu Toggle\" aria-expanded=\"false\">\n\t\t\t<svg aria-hidden=\"true\" role=\"presentation\" class=\"elementor-menu-toggle__icon--open e-font-icon-svg e-eicon-menu-bar\" viewbox=\"0 0 1000 1000\" xmlns=\"http:\/\/www.w3.org\/2000\/svg\"><path d=\"M104 333H896C929 333 958 304 958 271S929 208 896 208H104C71 208 42 237 42 271S71 333 104 333ZM104 583H896C929 583 958 554 958 521S929 458 896 458H104C71 458 42 487 42 521S71 583 104 583ZM104 833H896C929 833 958 804 958 771S929 708 896 708H104C71 708 42 737 42 771S71 833 104 833Z\"><\/path><\/svg><svg aria-hidden=\"true\" role=\"presentation\" class=\"elementor-menu-toggle__icon--close e-font-icon-svg e-eicon-close\" viewbox=\"0 0 1000 1000\" xmlns=\"http:\/\/www.w3.org\/2000\/svg\"><path d=\"M742 167L500 408 258 167C246 154 233 150 217 150 196 150 179 158 167 167 154 179 150 196 150 212 150 229 154 242 171 254L408 500 167 742C138 771 138 800 167 829 196 858 225 858 254 829L496 587 738 829C750 842 767 846 783 846 800 846 817 842 829 829 842 817 846 804 846 783 846 767 842 750 829 737L588 500 833 258C863 229 863 200 833 171 804 137 775 137 742 167Z\"><\/path><\/svg>\t\t\t<span class=\"elementor-screen-only\">Menu<\/span>\n\t\t<\/div>\n\t\t\t\t\t<nav class=\"elementor-nav-menu--dropdown elementor-nav-menu__container\" aria-hidden=\"true\">\n\t\t\t\t<ul id=\"menu-2-42246622\" class=\"elementor-nav-menu\"><li class=\"menu-item menu-item-type-post_type menu-item-object-page menu-item-home menu-item-1580\"><a href=\"https:\/\/espacioaloha.com\/en\/\" class=\"elementor-item menu-link\" tabindex=\"-1\">HOME<\/a><\/li>\n<li class=\"menu-item menu-item-type-post_type menu-item-object-page menu-item-1773\"><a href=\"https:\/\/espacioaloha.com\/en\/formaciones-lomi-lomi\/\" class=\"elementor-item menu-link\" tabindex=\"-1\">TRAINING<\/a><\/li>\n<li class=\"menu-item menu-item-type-post_type menu-item-object-page menu-item-1772\"><a href=\"https:\/\/espacioaloha.com\/en\/centro-pontevedra\/\" class=\"elementor-item menu-link\" tabindex=\"-1\">CENTER<\/a><\/li>\n<li class=\"menu-item menu-item-type-post_type menu-item-object-page menu-item-1771\"><a href=\"https:\/\/espacioaloha.com\/en\/agenda\/\" class=\"elementor-item menu-link\" tabindex=\"-1\">AGENDA<\/a><\/li>\n<li class=\"menu-item menu-item-type-post_type menu-item-object-page menu-item-1790\"><a href=\"https:\/\/espacioaloha.com\/en\/blog\/\" class=\"elementor-item menu-link\" tabindex=\"-1\">BLOG<\/a><\/li>\n<li class=\"menu-item menu-item-type-custom menu-item-object-custom menu-item-1852\"><a href=\"https:\/\/espacioaloha.com\/en\/#contacto\" class=\"elementor-item elementor-item-anchor menu-link\" tabindex=\"-1\">CONTACTO<\/a><\/li>\n<\/ul>\t\t\t<\/nav>\n\t\t\t\t<\/div>\n\t\t\t\t<\/div>\n\t\t\t\t\t<\/div>\n\t\t\t\t<\/div>\n\t\t<div class=\"elementor-element elementor-element-f455238 e-flex e-con-boxed e-con e-parent\" data-id=\"f455238\" data-element_type=\"container\">\n\t\t\t\t\t<div class=\"e-con-inner\">\n\t\t\t\t<div class=\"elementor-element elementor-element-ff52b18 elementor-widget elementor-widget-text-editor\" data-id=\"ff52b18\" data-element_type=\"widget\" data-widget_type=\"text-editor.default\">\n\t\t\t\t<div class=\"elementor-widget-container\">\n\t\t\t<style>\/*! elementor - v3.22.0 - 26-06-2024 *\/\n.elementor-widget-text-editor.elementor-drop-cap-view-stacked .elementor-drop-cap{background-color:#69727d;color:#fff}.elementor-widget-text-editor.elementor-drop-cap-view-framed .elementor-drop-cap{color:#69727d;border:3px solid;background-color:transparent}.elementor-widget-text-editor:not(.elementor-drop-cap-view-default) .elementor-drop-cap{margin-top:8px}.elementor-widget-text-editor:not(.elementor-drop-cap-view-default) .elementor-drop-cap-letter{width:1em;height:1em}.elementor-widget-text-editor .elementor-drop-cap{float:left;text-align:center;line-height:1;font-size:50px}.elementor-widget-text-editor .elementor-drop-cap-letter{display:inline-block}<\/style>\t\t\t\t<h2>Propiedad intelectual e industrial<\/h2>\n<p>El dise\u00f1o del portal y sus c\u00f3digos fuente, as\u00ed como los logos, marcas y dem\u00e1s signos distintivos que aparecen en el mismo pertenecen a (Espacio Aloha) y est\u00e1n protegidos por los correspondientes derechos de propiedad intelectual e industrial<\/p>\n<p><h3>Responsabilidad de los contenidos<\/h3>Espacio Aloha no se hace responsable de la legalidad de otros sitios web de terceros desde los que pueda accederse al portal. Tampoco responde por la legalidad de otros sitios web de terceros, que pudieran estar vinculados o enlazados desde este portal.<\/p>\n<p>Espacio Aloha no ser\u00e1 responsable del uso que terceros hagan de la informaci\u00f3n publicada en el portal, ni tampoco de los da\u00f1os sufridos o p\u00e9rdidas econ\u00f3micas que, de forma directa o indirecta, produzcan o puedan producir perjuicios econ\u00f3micos, materiales o sobre datos, provocados por el uso de dicha informaci\u00f3n.<\/p>\n<p><h3>Reproducci\u00f3n de contenidos<\/h3>En virtud de lo dispuesto en la Ley de Propiedad Intelectual quedan expresamente prohibidas la reproducci\u00f3n, la distribuci\u00f3n y la comunicaci\u00f3n p\u00fablica de la totalidad o parte de los contenidos de esta p\u00e1gina web, con fines comerciales en cualquier soporte, y por cualquier medio t\u00e9cnico, sin la autorizaci\u00f3n de Espacio Aloha.<\/p>\n<p><h3>Ley aplicable<\/h3>Espacio Aloha se reserva la facultad de presentar las acciones civiles o penales que considere necesaria por la utilizaci\u00f3n indebida del sitio Web y contenidos, o por el incumplimiento de las presentes condiciones.<\/p>\n<p>La relaci\u00f3n entre el usuario y Espacio Aloha se regir\u00e1 por la normativa vigente y de aplicaci\u00f3n en el territorio nacional. De surgir cualquier controversia en relaci\u00f3n a la interpretaci\u00f3n y\/o a la aplicaci\u00f3n de estas condiciones, las partes someter\u00e1n los conflictos a la jurisdicci\u00f3n ordinaria, someti\u00e9ndose a los Jueces y Tribunales que correspondan conforme a Derecho.<\/p>\n<p>As\u00ed mismo le informamos que dispone de un procedimiento de resoluci\u00f3n extrajudicial de controversias gratuito y accesible a todos los ciudadanos, se trata de la plataforma de resoluci\u00f3n de litigios en l\u00ednea de la Uni\u00f3n Europea, accesible a trav\u00e9s del siguiente enlace https:\/\/ec.europa.eu\/consumers\/odr\/main\/?event=main.home2.show<\/p>\n<p><h3>Cookies<\/h3>En el caso de emplear tecnolog\u00eda \u201ccookie\u201d en la web, dispone de un apartado concreto que le informa sobre su existencia as\u00ed como de su pol\u00edtica de uso. Consulte el apartado \u201cpol\u00edtica de cookies\u201d.<\/p>\n<p>En caso contrario, no se emplean cookies de navegaci\u00f3n<\/p>\n<p>Datos personales de menores<br>Esta p\u00e1gina web no est\u00e1 dirigida a usuarios menores de edad. Si usted es menor de edad, por favor no intente registrarse como usuario. Si descubrimos que por error hemos obtenido informaci\u00f3n personal de un menor, eliminaremos dicha informaci\u00f3n lo antes posible.<\/p>\n<p>Ejercicio de los derechos de protecci\u00f3n de datos<br>Para el ejercicio de los derechos deber\u00e1 identificarse mediante la presentaci\u00f3n de su DNI. Para cualquier reclamaci\u00f3n puede dirigirse al mismo correo indicado. Igualmente podr\u00e1 dirigirse a la Agencia Espa\u00f1ola de Protecci\u00f3n de Datos: www.aepd.es<\/p>\t\t\t\t\t\t<\/div>\n\t\t\t\t<\/div>\n\t\t\t\t\t<\/div>\n\t\t\t\t<\/div>\n\t\t\t\t<\/div>","protected":false},"excerpt":{"rendered":"<p>Propiedad intelectual e industrial El dise\u00f1o del portal y sus c\u00f3digos fuente, as\u00ed como los logos, marcas y dem\u00e1s signos distintivos que aparecen en el mismo pertenecen a (Espacio Aloha) y est\u00e1n protegidos por los correspondientes derechos de propiedad intelectual e industrial Responsabilidad de los contenidos Espacio Aloha no se hace responsable de la legalidad &hellip;<\/p>\n<p class=\"read-more\"> <a class=\"\" href=\"https:\/\/espacioaloha.com\/en\/aviso-legal-2\/\"> <span class=\"screen-reader-text\">Aviso Legal<\/span> Read More &raquo;<\/a><\/p>","protected":false},"author":2,"featured_media":0,"parent":0,"menu_order":0,"comment_status":"closed","ping_status":"closed","template":"","meta":{"site-sidebar-layout":"no-sidebar","site-content-layout":"","ast-site-content-layout":"full-width-container","site-content-style":"default","site-sidebar-style":"default","ast-global-header-display":"","ast-banner-title-visibility":"","ast-main-header-display":"","ast-hfb-above-header-display":"","ast-hfb-below-header-display":"","ast-hfb-mobile-header-display":"","site-post-title":"disabled","ast-breadcrumbs-content":"","ast-featured-img":"disabled","footer-sml-layout":"","theme-transparent-header-meta":"","adv-header-id-meta":"","stick-header-meta":"","header-above-stick-meta":"","header-main-stick-meta":"","header-below-stick-meta":"","astra-migrate-meta-layouts":"","footnotes":""},"_links":{"self":[{"href":"https:\/\/espacioaloha.com\/en\/wp-json\/wp\/v2\/pages\/2036"}],"collection":[{"href":"https:\/\/espacioaloha.com\/en\/wp-json\/wp\/v2\/pages"}],"about":[{"href":"https:\/\/espacioaloha.com\/en\/wp-json\/wp\/v2\/types\/page"}],"author":[{"embeddable":true,"href":"https:\/\/espacioaloha.com\/en\/wp-json\/wp\/v2\/users\/2"}],"replies":[{"embeddable":true,"href":"https:\/\/espacioaloha.com\/en\/wp-json\/wp\/v2\/comments?post=2036"}],"version-history":[{"count":4,"href":"https:\/\/espacioaloha.com\/en\/wp-json\/wp\/v2\/pages\/2036\/revisions"}],"predecessor-version":[{"id":2040,"href":"https:\/\/espacioaloha.com\/en\/wp-json\/wp\/v2\/pages\/2036\/revisions\/2040"}],"wp:attachment":[{"href":"https:\/\/espacioaloha.com\/en\/wp-json\/wp\/v2\/media?parent=2036"}],"curies":[{"name":"wp","href":"https:\/\/api.w.org\/{rel}","templated":true}]}}