{"id":1784,"date":"2023-09-22T15:04:12","date_gmt":"2023-09-22T13:04:12","guid":{"rendered":"https:\/\/espacioaloha.com\/?page_id=1784"},"modified":"2023-10-24T16:55:17","modified_gmt":"2023-10-24T14:55:17","slug":"blog","status":"publish","type":"page","link":"https:\/\/espacioaloha.com\/en\/blog\/","title":{"rendered":"Blog"},"content":{"rendered":"<div data-elementor-type=\"wp-page\" data-elementor-id=\"1784\" class=\"elementor elementor-1784\" data-elementor-post-type=\"page\">\n\t\t\t\t<div class=\"elementor-element elementor-element-4801f1b2 elementor-hidden-tablet elementor-hidden-mobile e-flex e-con-boxed e-con e-parent\" data-id=\"4801f1b2\" data-element_type=\"container\">\n\t\t\t\t\t<div class=\"e-con-inner\">\n\t\t\t\t<div class=\"elementor-element elementor-element-6b895878 elementor-widget elementor-widget-theme-site-logo elementor-widget-image\" data-id=\"6b895878\" data-element_type=\"widget\" data-widget_type=\"theme-site-logo.default\">\n\t\t\t\t<div class=\"elementor-widget-container\">\n\t\t\t<style>\/*! elementor - v3.22.0 - 26-06-2024 *\/\n.elementor-widget-image{text-align:center}.elementor-widget-image a{display:inline-block}.elementor-widget-image a img[src$=\".svg\"]{width:48px}.elementor-widget-image img{vertical-align:middle;display:inline-block}<\/style>\t\t\t\t\t\t<a href=\"https:\/\/espacioaloha.com\/en\">\n\t\t\t<img fetchpriority=\"high\" decoding=\"async\" width=\"293\" height=\"293\" src=\"https:\/\/espacioaloha.com\/wp-content\/uploads\/2023\/07\/Siembolo-liso-1-60x60.png\" class=\"attachment-full size-full wp-image-2459\" alt=\"\" srcset=\"https:\/\/espacioaloha.com\/wp-content\/uploads\/2023\/07\/Siembolo-liso-1.png 293w, https:\/\/espacioaloha.com\/wp-content\/uploads\/2023\/07\/Siembolo-liso-1-150x150.png 150w, https:\/\/espacioaloha.com\/wp-content\/uploads\/2023\/07\/Siembolo-liso-1-12x12.png 12w, https:\/\/espacioaloha.com\/wp-content\/uploads\/2023\/07\/Siembolo-liso-1-60x60.png 60w\" sizes=\"(max-width: 293px) 100vw, 293px\" \/>\t\t\t\t<\/a>\n\t\t\t\t\t\t\t\t\t<\/div>\n\t\t\t\t<\/div>\n\t\t\t\t<div class=\"elementor-element elementor-element-3c2852da elementor-nav-menu__align-center elementor-nav-menu__text-align-center elementor-nav-menu--dropdown-tablet elementor-nav-menu--toggle elementor-nav-menu--burger elementor-widget elementor-widget-nav-menu\" data-id=\"3c2852da\" data-element_type=\"widget\" data-settings=\"{&quot;layout&quot;:&quot;horizontal&quot;,&quot;submenu_icon&quot;:{&quot;value&quot;:&quot;&lt;svg class=\\&quot;e-font-icon-svg e-fas-caret-down\\&quot; viewBox=\\&quot;0 0 320 512\\&quot; xmlns=\\&quot;http:\\\/\\\/www.w3.org\\\/2000\\\/svg\\&quot;&gt;&lt;path d=\\&quot;M31.3 192h257.3c17.8 0 26.7 21.5 14.1 34.1L174.1 354.8c-7.8 7.8-20.5 7.8-28.3 0L17.2 226.1C4.6 213.5 13.5 192 31.3 192z\\&quot;&gt;&lt;\\\/path&gt;&lt;\\\/svg&gt;&quot;,&quot;library&quot;:&quot;fa-solid&quot;},&quot;toggle&quot;:&quot;burger&quot;}\" data-widget_type=\"nav-menu.default\">\n\t\t\t\t<div class=\"elementor-widget-container\">\n\t\t\t<link rel=\"stylesheet\" href=\"https:\/\/espacioaloha.com\/wp-content\/plugins\/pro-elements\/assets\/css\/widget-nav-menu.min.css\">\t\t\t<nav class=\"elementor-nav-menu--main elementor-nav-menu__container elementor-nav-menu--layout-horizontal e--pointer-none\">\n\t\t\t\t<ul id=\"menu-1-3c2852da\" class=\"elementor-nav-menu\"><li class=\"menu-item menu-item-type-post_type menu-item-object-page menu-item-home menu-item-1580\"><a href=\"https:\/\/espacioaloha.com\/en\/\" class=\"elementor-item menu-link\">HOME<\/a><\/li>\n<li class=\"menu-item menu-item-type-post_type menu-item-object-page menu-item-1773\"><a href=\"https:\/\/espacioaloha.com\/en\/formaciones-lomi-lomi\/\" class=\"elementor-item menu-link\">TRAINING<\/a><\/li>\n<li class=\"menu-item menu-item-type-post_type menu-item-object-page menu-item-1772\"><a href=\"https:\/\/espacioaloha.com\/en\/centro-pontevedra\/\" class=\"elementor-item menu-link\">CENTER<\/a><\/li>\n<li class=\"menu-item menu-item-type-post_type menu-item-object-page menu-item-1771\"><a href=\"https:\/\/espacioaloha.com\/en\/agenda\/\" class=\"elementor-item menu-link\">AGENDA<\/a><\/li>\n<li class=\"menu-item menu-item-type-post_type menu-item-object-page menu-item-1790\"><a href=\"https:\/\/espacioaloha.com\/en\/blog\/\" class=\"elementor-item menu-link\">BLOG<\/a><\/li>\n<li class=\"menu-item menu-item-type-custom menu-item-object-custom menu-item-1852\"><a href=\"https:\/\/espacioaloha.com\/en\/#contacto\" class=\"elementor-item elementor-item-anchor menu-link\">CONTACTO<\/a><\/li>\n<\/ul>\t\t\t<\/nav>\n\t\t\t\t\t<div class=\"elementor-menu-toggle\" role=\"button\" tabindex=\"0\" aria-label=\"Menu Toggle\" aria-expanded=\"false\">\n\t\t\t<svg aria-hidden=\"true\" role=\"presentation\" class=\"elementor-menu-toggle__icon--open e-font-icon-svg e-eicon-menu-bar\" viewbox=\"0 0 1000 1000\" xmlns=\"http:\/\/www.w3.org\/2000\/svg\"><path d=\"M104 333H896C929 333 958 304 958 271S929 208 896 208H104C71 208 42 237 42 271S71 333 104 333ZM104 583H896C929 583 958 554 958 521S929 458 896 458H104C71 458 42 487 42 521S71 583 104 583ZM104 833H896C929 833 958 804 958 771S929 708 896 708H104C71 708 42 737 42 771S71 833 104 833Z\"><\/path><\/svg><svg aria-hidden=\"true\" role=\"presentation\" class=\"elementor-menu-toggle__icon--close e-font-icon-svg e-eicon-close\" viewbox=\"0 0 1000 1000\" xmlns=\"http:\/\/www.w3.org\/2000\/svg\"><path d=\"M742 167L500 408 258 167C246 154 233 150 217 150 196 150 179 158 167 167 154 179 150 196 150 212 150 229 154 242 171 254L408 500 167 742C138 771 138 800 167 829 196 858 225 858 254 829L496 587 738 829C750 842 767 846 783 846 800 846 817 842 829 829 842 817 846 804 846 783 846 767 842 750 829 737L588 500 833 258C863 229 863 200 833 171 804 137 775 137 742 167Z\"><\/path><\/svg>\t\t\t<span class=\"elementor-screen-only\">Menu<\/span>\n\t\t<\/div>\n\t\t\t\t\t<nav class=\"elementor-nav-menu--dropdown elementor-nav-menu__container\" aria-hidden=\"true\">\n\t\t\t\t<ul id=\"menu-2-3c2852da\" class=\"elementor-nav-menu\"><li class=\"menu-item menu-item-type-post_type menu-item-object-page menu-item-home menu-item-1580\"><a href=\"https:\/\/espacioaloha.com\/en\/\" class=\"elementor-item menu-link\" tabindex=\"-1\">HOME<\/a><\/li>\n<li class=\"menu-item menu-item-type-post_type menu-item-object-page menu-item-1773\"><a href=\"https:\/\/espacioaloha.com\/en\/formaciones-lomi-lomi\/\" class=\"elementor-item menu-link\" tabindex=\"-1\">TRAINING<\/a><\/li>\n<li class=\"menu-item menu-item-type-post_type menu-item-object-page menu-item-1772\"><a href=\"https:\/\/espacioaloha.com\/en\/centro-pontevedra\/\" class=\"elementor-item menu-link\" tabindex=\"-1\">CENTER<\/a><\/li>\n<li class=\"menu-item menu-item-type-post_type menu-item-object-page menu-item-1771\"><a href=\"https:\/\/espacioaloha.com\/en\/agenda\/\" class=\"elementor-item menu-link\" tabindex=\"-1\">AGENDA<\/a><\/li>\n<li class=\"menu-item menu-item-type-post_type menu-item-object-page menu-item-1790\"><a href=\"https:\/\/espacioaloha.com\/en\/blog\/\" class=\"elementor-item menu-link\" tabindex=\"-1\">BLOG<\/a><\/li>\n<li class=\"menu-item menu-item-type-custom menu-item-object-custom menu-item-1852\"><a href=\"https:\/\/espacioaloha.com\/en\/#contacto\" class=\"elementor-item elementor-item-anchor menu-link\" tabindex=\"-1\">CONTACTO<\/a><\/li>\n<\/ul>\t\t\t<\/nav>\n\t\t\t\t<\/div>\n\t\t\t\t<\/div>\n\t\t\t\t\t<\/div>\n\t\t\t\t<\/div>\n\t\t\t\t<section class=\"elementor-section elementor-top-section elementor-element elementor-element-c3b458e elementor-section-height-min-height elementor-section-full_width elementor-section-content-middle elementor-section-height-default elementor-section-items-middle\" data-id=\"c3b458e\" data-element_type=\"section\" data-settings=\"{&quot;background_background&quot;:&quot;classic&quot;}\">\n\t\t\t\t\t\t\t<div class=\"elementor-background-overlay\"><\/div>\n\t\t\t\t\t\t\t<div class=\"elementor-container elementor-column-gap-default\">\n\t\t\t\t\t<div class=\"elementor-column elementor-col-100 elementor-top-column elementor-element elementor-element-21ac88fd\" data-id=\"21ac88fd\" data-element_type=\"column\">\n\t\t\t<div class=\"elementor-widget-wrap elementor-element-populated\">\n\t\t\t\t\t\t<div class=\"elementor-element elementor-element-42f8bad1 elementor-widget elementor-widget-heading\" data-id=\"42f8bad1\" data-element_type=\"widget\" data-widget_type=\"heading.default\">\n\t\t\t\t<div class=\"elementor-widget-container\">\n\t\t\t<style>\/*! elementor - v3.22.0 - 26-06-2024 *\/\n.elementor-heading-title{padding:0;margin:0;line-height:1}.elementor-widget-heading .elementor-heading-title[class*=elementor-size-]>a{color:inherit;font-size:inherit;line-height:inherit}.elementor-widget-heading .elementor-heading-title.elementor-size-small{font-size:15px}.elementor-widget-heading .elementor-heading-title.elementor-size-medium{font-size:19px}.elementor-widget-heading .elementor-heading-title.elementor-size-large{font-size:29px}.elementor-widget-heading .elementor-heading-title.elementor-size-xl{font-size:39px}.elementor-widget-heading .elementor-heading-title.elementor-size-xxl{font-size:59px}<\/style><h1 class=\"elementor-heading-title elementor-size-default\">BLOG<\/h1>\t\t<\/div>\n\t\t\t\t<\/div>\n\t\t\t\t\t<\/div>\n\t\t<\/div>\n\t\t\t\t\t<\/div>\n\t\t<\/section>\n\t\t\t\t<section class=\"elementor-section elementor-top-section elementor-element elementor-element-2f4baa4b elementor-section-full_width elementor-section-stretched elementor-section-height-default elementor-section-height-default\" data-id=\"2f4baa4b\" data-element_type=\"section\" data-settings=\"{&quot;stretch_section&quot;:&quot;section-stretched&quot;,&quot;background_background&quot;:&quot;classic&quot;}\">\n\t\t\t\t\t\t<div class=\"elementor-container elementor-column-gap-wider\">\n\t\t\t\t\t<div class=\"elementor-column elementor-col-100 elementor-top-column elementor-element elementor-element-6358cd00\" data-id=\"6358cd00\" data-element_type=\"column\">\n\t\t\t<div class=\"elementor-widget-wrap elementor-element-populated\">\n\t\t\t\t\t\t<div class=\"elementor-element elementor-element-75ddb1e7 elementor-widget elementor-widget-text-editor\" data-id=\"75ddb1e7\" data-element_type=\"widget\" data-widget_type=\"text-editor.default\">\n\t\t\t\t<div class=\"elementor-widget-container\">\n\t\t\t<style>\/*! elementor - v3.22.0 - 26-06-2024 *\/\n.elementor-widget-text-editor.elementor-drop-cap-view-stacked .elementor-drop-cap{background-color:#69727d;color:#fff}.elementor-widget-text-editor.elementor-drop-cap-view-framed .elementor-drop-cap{color:#69727d;border:3px solid;background-color:transparent}.elementor-widget-text-editor:not(.elementor-drop-cap-view-default) .elementor-drop-cap{margin-top:8px}.elementor-widget-text-editor:not(.elementor-drop-cap-view-default) .elementor-drop-cap-letter{width:1em;height:1em}.elementor-widget-text-editor .elementor-drop-cap{float:left;text-align:center;line-height:1;font-size:50px}.elementor-widget-text-editor .elementor-drop-cap-letter{display:inline-block}<\/style>\t\t\t\t<p>\u00abUn estado de salud ocurre cuando la energ\u00eda fluye libre por el cuerpo.\u00bb<\/p>\t\t\t\t\t\t<\/div>\n\t\t\t\t<\/div>\n\t\t\t\t\t<\/div>\n\t\t<\/div>\n\t\t\t\t\t<\/div>\n\t\t<\/section>\n\t\t\t\t<section class=\"elementor-section elementor-top-section elementor-element elementor-element-6e5afa20 elementor-section-full_width elementor-section-stretched elementor-section-height-default elementor-section-height-default\" data-id=\"6e5afa20\" data-element_type=\"section\" data-settings=\"{&quot;stretch_section&quot;:&quot;section-stretched&quot;,&quot;background_background&quot;:&quot;classic&quot;}\">\n\t\t\t\t\t\t<div class=\"elementor-container elementor-column-gap-wider\">\n\t\t\t\t\t<div class=\"elementor-column elementor-col-100 elementor-top-column elementor-element elementor-element-58756475\" data-id=\"58756475\" data-element_type=\"column\">\n\t\t\t<div class=\"elementor-widget-wrap elementor-element-populated\">\n\t\t\t\t\t\t<div class=\"elementor-element elementor-element-a33c3fe elementor-widget elementor-widget-heading\" data-id=\"a33c3fe\" data-element_type=\"widget\" data-widget_type=\"heading.default\">\n\t\t\t\t<div class=\"elementor-widget-container\">\n\t\t\t<h1 class=\"elementor-heading-title elementor-size-default\">Exploring the Art of Healing and Personal Transformation<\/h1>\t\t<\/div>\n\t\t\t\t<\/div>\n\t\t\t\t<div class=\"elementor-element elementor-element-053f652 elementor-widget elementor-widget-text-editor\" data-id=\"053f652\" data-element_type=\"widget\" data-widget_type=\"text-editor.default\">\n\t\t\t\t<div class=\"elementor-widget-container\">\n\t\t\t\t\t\t\t<p><strong>En este espacio te comparto pr\u00e1cticas y conocimientos sobre la Filosof\u00eda Huna y otras herramientas de trabajo corporal que te ayudar\u00e1n a tener un mayor nivel de bienestar y consciencia. Sum\u00e9rgete en los diferentes art\u00edculos informativos y reflexivos para saber m\u00e1s.<\/strong><\/p>\t\t\t\t\t\t<\/div>\n\t\t\t\t<\/div>\n\t\t<div class=\"elementor-element elementor-element-24a57a0 e-flex e-con-boxed e-con e-parent\" data-id=\"24a57a0\" data-element_type=\"container\">\n\t\t\t\t\t<div class=\"e-con-inner\">\n\t\t\t\t<div class=\"elementor-element elementor-element-818e148 elementor-widget elementor-widget-bdt-product-grid\" data-id=\"818e148\" data-element_type=\"widget\" data-widget_type=\"bdt-product-grid.default\">\n\t\t\t\t<div class=\"elementor-widget-container\">\n\t\t\t\t\t<div class=\"bdt-ep-product-grid\">\n\t\t\t\t\t\t\t<div class=\"bdt-ep-product-grid-item\">\n\t\t\t\t\t\t\t<div class=\"bdt-ep-product-grid-image\">\n\n\t\t\t<img width=\"1280\" height=\"853\" src=\"https:\/\/espacioaloha.com\/wp-content\/uploads\/2023\/10\/jetty-woman-sitting-1834801.jpg\" class=\"attachment-full size-full\" alt=\"Respiraci\u00f3n Ha\" decoding=\"async\" srcset=\"https:\/\/espacioaloha.com\/wp-content\/uploads\/2023\/10\/jetty-woman-sitting-1834801.jpg 1280w, https:\/\/espacioaloha.com\/wp-content\/uploads\/2023\/10\/jetty-woman-sitting-1834801-300x200.jpg 300w, https:\/\/espacioaloha.com\/wp-content\/uploads\/2023\/10\/jetty-woman-sitting-1834801-1024x682.jpg 1024w, https:\/\/espacioaloha.com\/wp-content\/uploads\/2023\/10\/jetty-woman-sitting-1834801-768x512.jpg 768w, https:\/\/espacioaloha.com\/wp-content\/uploads\/2023\/10\/jetty-woman-sitting-1834801-18x12.jpg 18w\" sizes=\"(max-width: 1280px) 100vw, 1280px\" \/>\n\t\t\t\t\t<\/div>\n\t\t\t\t\t\t\t<div class=\"bdt-ep-product-grid-content\">\n\t\t\t\t\t\t<div class=\"bdt-ep-product-grid-title-price bdt-flex bdt-flex-middle bdt-flex-between\">\n\t\t\t\t\t\t\t\t\t\t\t\t<h3\t\t\t\tclass=\"bdt-ep-product-grid-title\">\n\t\t\t\tBreathing Has\t\t\t\t\t\t\t<\/h3>\n\t\t\t\t\t\t\t\t\t\t\t\t\t\t\t\t<\/div>\n\t\t\t\t\t\t\t\t\t\t\t<div class=\"bdt-ep-product-grid-text\">\n\t\t\t\t<p>\u201cHas\u201d is the hawaiian word that means breath, but it also means you exhale and life. Since there is no life without...<\/p>\t\t\t<\/div>\n\t\t\t\t\t\t\t\t\t\t\t\t\t\t<div class=\"bdt-ep-product-grid-readmore-wrap\">\n\t\t\t\t<a class=\"bdt-ep-product-grid-readmore\" href=\"https:\/\/espacioaloha.com\/en\/la-respiracion-una-de-las-mejores-fuentes-de-energia\/\" target=\"_blank\">\n\t\t\t\t\tRead more\t\t\t\t\t\t\t\t\t<\/a>\n\t\t\t<\/div>\n\t\t\t\t\t\t\t\t\t<div class=\"bdt-ep-product-grid-rating-time bdt-flex bdt-flex-middle bdt-flex-between\">\n\t\t\t\t\t\t\t\t\t\t\t\t\t\t\t\t\t\t\t\t<\/div>\n\t\t\t\t\t<\/div>\n\t\t\t\t\t\t\t\t\t\t\t\t<\/div>\n\n\t\t\t\t\t\t\t<div class=\"bdt-ep-product-grid-item\">\n\t\t\t\t\t\t\t<div class=\"bdt-ep-product-grid-image bdt-ep-product-grid-image\">\n\n\t\t\t<img width=\"466\" height=\"311\" src=\"https:\/\/espacioaloha.com\/wp-content\/uploads\/2021\/06\/Pele-2-e1695638939675.jpg\" class=\"attachment-full size-full\" alt=\"Los 7 principios de la Filosof\u00eda Huna\" decoding=\"async\" srcset=\"https:\/\/espacioaloha.com\/wp-content\/uploads\/2021\/06\/Pele-2-e1695638939675.jpg 466w, https:\/\/espacioaloha.com\/wp-content\/uploads\/2021\/06\/Pele-2-e1695638939675-300x200.jpg 300w, https:\/\/espacioaloha.com\/wp-content\/uploads\/2021\/06\/Pele-2-e1695638939675-18x12.jpg 18w\" sizes=\"(max-width: 466px) 100vw, 466px\" \/>\n\t\t\t\t\t<\/div>\n\t\t\t\t\t\t\t<div class=\"bdt-ep-product-grid-content\">\n\t\t\t\t\t\t<div class=\"bdt-ep-product-grid-title-price bdt-flex bdt-flex-middle bdt-flex-between\">\n\t\t\t\t\t\t\t\t\t\t\t\t<h3\t\t\t\tclass=\"bdt-ep-product-grid-title\">\n\t\t\t\tThe 7 principles of Huna Philosophy\t\t\t\t\t\t\t<\/h3>\n\t\t\t\t\t\t\t\t\t\t\t\t\t\t\t\t<\/div>\n\t\t\t\t\t\t\t\t\t\t\t<div class=\"bdt-ep-product-grid-text\">\n\t\t\t\t<p>Estos principios son unas herramientas conceptuales y pr\u00e1cticas que nos ayudan a organizar y transformar...<\/p>\t\t\t<\/div>\n\t\t\t\t\t\t\t\t\t\t\t\t\t\t<div class=\"bdt-ep-product-grid-readmore-wrap\">\n\t\t\t\t<a class=\"bdt-ep-product-grid-readmore\" href=\"https:\/\/espacioaloha.com\/en\/los-7-principios-de-la-filosofia-huna\/\" target=\"_blank\">\n\t\t\t\t\tRead more\t\t\t\t\t\t\t\t\t<\/a>\n\t\t\t<\/div>\n\t\t\t\t\t\t\t\t\t<div class=\"bdt-ep-product-grid-rating-time bdt-flex bdt-flex-middle bdt-flex-between\">\n\t\t\t\t\t\t\t\t\t\t\t\t\t\t\t\t\t\t\t\t<\/div>\n\t\t\t\t\t<\/div>\n\t\t\t\t\t\t\t\t\t\t\t\t<\/div>\n\n\t\t\t\t\t\t\t<div class=\"bdt-ep-product-grid-item\">\n\t\t\t\t\t\t\t<div class=\"bdt-ep-product-grid-image bdt-ep-product-grid-image bdt-ep-product-grid-image\">\n\n\t\t\t<img loading=\"lazy\" width=\"2560\" height=\"1707\" src=\"https:\/\/espacioaloha.com\/wp-content\/uploads\/2023\/10\/ALMU5951-scaled.jpg\" class=\"attachment-full size-full\" alt=\"Lomi Lomi Nui\" decoding=\"async\" srcset=\"https:\/\/espacioaloha.com\/wp-content\/uploads\/2023\/10\/ALMU5951-scaled.jpg 2560w, https:\/\/espacioaloha.com\/wp-content\/uploads\/2023\/10\/ALMU5951-300x200.jpg 300w, https:\/\/espacioaloha.com\/wp-content\/uploads\/2023\/10\/ALMU5951-1024x683.jpg 1024w, https:\/\/espacioaloha.com\/wp-content\/uploads\/2023\/10\/ALMU5951-768x512.jpg 768w, https:\/\/espacioaloha.com\/wp-content\/uploads\/2023\/10\/ALMU5951-1536x1024.jpg 1536w, https:\/\/espacioaloha.com\/wp-content\/uploads\/2023\/10\/ALMU5951-2048x1365.jpg 2048w, https:\/\/espacioaloha.com\/wp-content\/uploads\/2023\/10\/ALMU5951-18x12.jpg 18w\" sizes=\"(max-width: 2560px) 100vw, 2560px\" \/>\n\t\t\t\t\t<\/div>\n\t\t\t\t\t\t\t<div class=\"bdt-ep-product-grid-content\">\n\t\t\t\t\t\t<div class=\"bdt-ep-product-grid-title-price bdt-flex bdt-flex-middle bdt-flex-between\">\n\t\t\t\t\t\t\t\t\t\t\t\t<h3\t\t\t\tclass=\"bdt-ep-product-grid-title\">\n\t\t\t\tLomi Lomi Nui\t\t\t\t\t\t\t<\/h3>\n\t\t\t\t\t\t\t\t\t\t\t\t\t\t\t\t<\/div>\n\t\t\t\t\t\t\t\t\t\t\t<div class=\"bdt-ep-product-grid-text\">\n\t\t\t\t<p>EL LOMI LOMI NUI o el \"Estilo del Templo\" es una t\u00e9cnica ancestral hawaiana que practicaban los Kahunas (chamanes o\u2026<\/p>\t\t\t<\/div>\n\t\t\t\t\t\t\t\t\t\t\t\t\t\t<div class=\"bdt-ep-product-grid-readmore-wrap\">\n\t\t\t\t<a class=\"bdt-ep-product-grid-readmore\" href=\"https:\/\/espacioaloha.com\/en\/lomi-lomi-nui\/\" target=\"_blank\">\n\t\t\t\t\tRead more\t\t\t\t\t\t\t\t\t<\/a>\n\t\t\t<\/div>\n\t\t\t\t\t\t\t\t\t<div class=\"bdt-ep-product-grid-rating-time bdt-flex bdt-flex-middle bdt-flex-between\">\n\t\t\t\t\t\t\t\t\t\t\t\t\t\t\t\t\t\t\t\t<\/div>\n\t\t\t\t\t<\/div>\n\t\t\t\t\t\t\t\t\t\t\t\t<\/div>\n\n\t\t\t\t\t<\/div>\n\t\t\t\t<\/div>\n\t\t\t\t<\/div>\n\t\t\t\t\t<\/div>\n\t\t\t\t<\/div>\n\t\t\t\t\t<\/div>\n\t\t<\/div>\n\t\t\t\t\t<\/div>\n\t\t<\/section>\n\t\t<div class=\"elementor-element elementor-element-52794779 e-flex e-con-boxed e-con e-parent\" data-id=\"52794779\" data-element_type=\"container\" data-settings=\"{&quot;background_background&quot;:&quot;classic&quot;}\">\n\t\t\t\t\t<div class=\"e-con-inner\">\n\t\t\t\t<div class=\"elementor-element elementor-element-6f38de3b elementor-widget-divider--view-line elementor-widget elementor-widget-divider\" data-id=\"6f38de3b\" data-element_type=\"widget\" data-widget_type=\"divider.default\">\n\t\t\t\t<div class=\"elementor-widget-container\">\n\t\t\t<style>\/*! elementor - v3.22.0 - 26-06-2024 *\/\n.elementor-widget-divider{--divider-border-style:none;--divider-border-width:1px;--divider-color:#0c0d0e;--divider-icon-size:20px;--divider-element-spacing:10px;--divider-pattern-height:24px;--divider-pattern-size:20px;--divider-pattern-url:none;--divider-pattern-repeat:repeat-x}.elementor-widget-divider .elementor-divider{display:flex}.elementor-widget-divider .elementor-divider__text{font-size:15px;line-height:1;max-width:95%}.elementor-widget-divider .elementor-divider__element{margin:0 var(--divider-element-spacing);flex-shrink:0}.elementor-widget-divider .elementor-icon{font-size:var(--divider-icon-size)}.elementor-widget-divider .elementor-divider-separator{display:flex;margin:0;direction:ltr}.elementor-widget-divider--view-line_icon .elementor-divider-separator,.elementor-widget-divider--view-line_text .elementor-divider-separator{align-items:center}.elementor-widget-divider--view-line_icon .elementor-divider-separator:after,.elementor-widget-divider--view-line_icon .elementor-divider-separator:before,.elementor-widget-divider--view-line_text .elementor-divider-separator:after,.elementor-widget-divider--view-line_text .elementor-divider-separator:before{display:block;content:\"\";border-block-end:0;flex-grow:1;border-block-start:var(--divider-border-width) var(--divider-border-style) var(--divider-color)}.elementor-widget-divider--element-align-left .elementor-divider .elementor-divider-separator>.elementor-divider__svg:first-of-type{flex-grow:0;flex-shrink:100}.elementor-widget-divider--element-align-left .elementor-divider-separator:before{content:none}.elementor-widget-divider--element-align-left .elementor-divider__element{margin-left:0}.elementor-widget-divider--element-align-right .elementor-divider .elementor-divider-separator>.elementor-divider__svg:last-of-type{flex-grow:0;flex-shrink:100}.elementor-widget-divider--element-align-right .elementor-divider-separator:after{content:none}.elementor-widget-divider--element-align-right .elementor-divider__element{margin-right:0}.elementor-widget-divider--element-align-start .elementor-divider .elementor-divider-separator>.elementor-divider__svg:first-of-type{flex-grow:0;flex-shrink:100}.elementor-widget-divider--element-align-start .elementor-divider-separator:before{content:none}.elementor-widget-divider--element-align-start .elementor-divider__element{margin-inline-start:0}.elementor-widget-divider--element-align-end .elementor-divider .elementor-divider-separator>.elementor-divider__svg:last-of-type{flex-grow:0;flex-shrink:100}.elementor-widget-divider--element-align-end .elementor-divider-separator:after{content:none}.elementor-widget-divider--element-align-end .elementor-divider__element{margin-inline-end:0}.elementor-widget-divider:not(.elementor-widget-divider--view-line_text):not(.elementor-widget-divider--view-line_icon) .elementor-divider-separator{border-block-start:var(--divider-border-width) var(--divider-border-style) var(--divider-color)}.elementor-widget-divider--separator-type-pattern{--divider-border-style:none}.elementor-widget-divider--separator-type-pattern.elementor-widget-divider--view-line .elementor-divider-separator,.elementor-widget-divider--separator-type-pattern:not(.elementor-widget-divider--view-line) .elementor-divider-separator:after,.elementor-widget-divider--separator-type-pattern:not(.elementor-widget-divider--view-line) .elementor-divider-separator:before,.elementor-widget-divider--separator-type-pattern:not([class*=elementor-widget-divider--view]) .elementor-divider-separator{width:100%;min-height:var(--divider-pattern-height);-webkit-mask-size:var(--divider-pattern-size) 100%;mask-size:var(--divider-pattern-size) 100%;-webkit-mask-repeat:var(--divider-pattern-repeat);mask-repeat:var(--divider-pattern-repeat);background-color:var(--divider-color);-webkit-mask-image:var(--divider-pattern-url);mask-image:var(--divider-pattern-url)}.elementor-widget-divider--no-spacing{--divider-pattern-size:auto}.elementor-widget-divider--bg-round{--divider-pattern-repeat:round}.rtl .elementor-widget-divider .elementor-divider__text{direction:rtl}.e-con-inner>.elementor-widget-divider,.e-con>.elementor-widget-divider{width:var(--container-widget-width,100%);--flex-grow:var(--container-widget-flex-grow)}<\/style>\t\t<div class=\"elementor-divider\">\n\t\t\t<span class=\"elementor-divider-separator\">\n\t\t\t\t\t\t<\/span>\n\t\t<\/div>\n\t\t\t\t<\/div>\n\t\t\t\t<\/div>\n\t\t\t\t\t<\/div>\n\t\t\t\t<\/div>\n\t\t\t\t<\/div>","protected":false},"excerpt":{"rendered":"<p>BLOG \u00abUn estado de salud ocurre cuando la energ\u00eda fluye libre por el cuerpo.\u00bb Explorando el Arte de la Sanaci\u00f3n y la Transformaci\u00f3n Personal En este espacio te comparto pr\u00e1cticas y conocimientos sobre la Filosof\u00eda Huna y otras herramientas de trabajo corporal que te ayudar\u00e1n a tener un mayor nivel de bienestar y consciencia. Sum\u00e9rgete &hellip;<\/p>\n<p class=\"read-more\"> <a class=\"\" href=\"https:\/\/espacioaloha.com\/en\/blog\/\"> <span class=\"screen-reader-text\">Blog<\/span> Read More &raquo;<\/a><\/p>","protected":false},"author":2,"featured_media":0,"parent":0,"menu_order":0,"comment_status":"closed","ping_status":"closed","template":"","meta":{"site-sidebar-layout":"no-sidebar","site-content-layout":"","ast-site-content-layout":"full-width-container","site-content-style":"default","site-sidebar-style":"default","ast-global-header-display":"","ast-banner-title-visibility":"","ast-main-header-display":"","ast-hfb-above-header-display":"","ast-hfb-below-header-display":"","ast-hfb-mobile-header-display":"","site-post-title":"disabled","ast-breadcrumbs-content":"","ast-featured-img":"disabled","footer-sml-layout":"","theme-transparent-header-meta":"","adv-header-id-meta":"","stick-header-meta":"","header-above-stick-meta":"","header-main-stick-meta":"","header-below-stick-meta":"","astra-migrate-meta-layouts":"","footnotes":""},"_links":{"self":[{"href":"https:\/\/espacioaloha.com\/en\/wp-json\/wp\/v2\/pages\/1784"}],"collection":[{"href":"https:\/\/espacioaloha.com\/en\/wp-json\/wp\/v2\/pages"}],"about":[{"href":"https:\/\/espacioaloha.com\/en\/wp-json\/wp\/v2\/types\/page"}],"author":[{"embeddable":true,"href":"https:\/\/espacioaloha.com\/en\/wp-json\/wp\/v2\/users\/2"}],"replies":[{"embeddable":true,"href":"https:\/\/espacioaloha.com\/en\/wp-json\/wp\/v2\/comments?post=1784"}],"version-history":[{"count":64,"href":"https:\/\/espacioaloha.com\/en\/wp-json\/wp\/v2\/pages\/1784\/revisions"}],"predecessor-version":[{"id":2685,"href":"https:\/\/espacioaloha.com\/en\/wp-json\/wp\/v2\/pages\/1784\/revisions\/2685"}],"wp:attachment":[{"href":"https:\/\/espacioaloha.com\/en\/wp-json\/wp\/v2\/media?parent=1784"}],"curies":[{"name":"wp","href":"https:\/\/api.w.org\/{rel}","templated":true}]}}